{"id":4698,"date":"2024-01-31T16:11:08","date_gmt":"2024-01-31T15:11:08","guid":{"rendered":"https:\/\/zeetim.com\/testez-nos-produits\/"},"modified":"2026-04-09T17:51:50","modified_gmt":"2026-04-09T15:51:50","slug":"testez-nos-produits","status":"publish","type":"page","link":"https:\/\/zeetim.com\/fr\/testez-nos-produits\/","title":{"rendered":"Testez nos produits"},"content":{"rendered":"<p>[et_pb_section fb_built=\u00a0\u00bb1&Prime; _builder_version=\u00a0\u00bb4.27.3&Prime; _module_preset=\u00a0\u00bbdefault\u00a0\u00bb background_color=\u00a0\u00bb#d6dbe1&Prime; use_background_color_gradient=\u00a0\u00bbon\u00a0\u00bb background_color_gradient_stops=\u00a0\u00bb#d6dbe1 0%|#eff1f3 100%\u00a0\u00bb custom_padding=\u00a0\u00bb||160px||false|false\u00a0\u00bb global_colors_info=\u00a0\u00bb{}\u00a0\u00bb][et_pb_row column_structure=\u00a0\u00bb1_2,1_2&Prime; _builder_version=\u00a0\u00bb4.27.3&Prime; _module_preset=\u00a0\u00bbdefault\u00a0\u00bb background_color=\u00a0\u00bbRGBA(255,255,255,0)\u00a0\u00bb custom_padding=\u00a0\u00bb0px||||false|false\u00a0\u00bb global_colors_info=\u00a0\u00bb{}\u00a0\u00bb][et_pb_column type=\u00a0\u00bb1_2&Prime; _builder_version=\u00a0\u00bb4.27.3&Prime; _module_preset=\u00a0\u00bbdefault\u00a0\u00bb global_colors_info=\u00a0\u00bb{}\u00a0\u00bb][et_pb_text content_tablet=\u00a0\u00bb<\/p>\n<h1 style=%22text-align: left;%22>Un poste de travail rapide, s\u00e9curis\u00e9 et facile \u00e0 administrer. Essayez ZeeOS d\u00e8s aujourd\u2019hui. <\/h1>\n<p>\u00a0\u00bb content_phone=\u00a0\u00bb<\/p>\n<h1 style=%22text-align: center;%22>Un poste de travail rapide, s\u00e9curis\u00e9 et facile \u00e0 administrer. Essayez ZeeOS d\u00e8s aujourd\u2019hui.<\/h1>\n<p>\u00a0\u00bb content_last_edited=\u00a0\u00bbon|desktop\u00a0\u00bb _builder_version=\u00a0\u00bb4.27.4&Prime; _module_preset=\u00a0\u00bbdefault\u00a0\u00bb header_font_size=\u00a0\u00bb34px\u00a0\u00bb header_2_font_size=\u00a0\u00bb31px\u00a0\u00bb custom_margin=\u00a0\u00bb0px||0px||false|false\u00a0\u00bb custom_padding=\u00a0\u00bb0px||0px||false|false\u00a0\u00bb header_font_size_tablet=\u00a0\u00bb34px\u00a0\u00bb header_font_size_phone=\u00a0\u00bb34px\u00a0\u00bb header_font_size_last_edited=\u00a0\u00bbon|phone\u00a0\u00bb header_2_font_size_tablet=\u00a0\u00bb31px\u00a0\u00bb header_2_font_size_phone=\u00a0\u00bb22px\u00a0\u00bb header_2_font_size_last_edited=\u00a0\u00bbon|tablet\u00a0\u00bb locked=\u00a0\u00bboff\u00a0\u00bb global_colors_info=\u00a0\u00bb{}\u00a0\u00bb]<\/p>\n<h1 style=\"text-align: left;\">Un poste de travail rapide, s\u00e9curis\u00e9 et facile \u00e0 administrer. Essayez ZeeOS d\u00e8s aujourd\u2019hui.<\/h1>\n<p>[\/et_pb_text][et_pb_text _builder_version=\u00a0\u00bb4.27.4&Prime; _module_preset=\u00a0\u00bbdefault\u00a0\u00bb background_color=\u00a0\u00bb#EFF1F3&Prime; transform_scale_tablet=\u00a0\u00bb\u00a0\u00bb transform_scale_phone=\u00a0\u00bb\u00a0\u00bb transform_scale_last_edited=\u00a0\u00bbon|desktop\u00a0\u00bb transform_translate_tablet=\u00a0\u00bb\u00a0\u00bb transform_translate_phone=\u00a0\u00bb\u00a0\u00bb transform_translate_last_edited=\u00a0\u00bbon|desktop\u00a0\u00bb transform_translate_linked__hover=\u00a0\u00bboff\u00a0\u00bb transform_rotate_tablet=\u00a0\u00bb\u00a0\u00bb transform_rotate_phone=\u00a0\u00bb\u00a0\u00bb transform_rotate_last_edited=\u00a0\u00bbon|desktop\u00a0\u00bb transform_skew_tablet=\u00a0\u00bb\u00a0\u00bb transform_skew_phone=\u00a0\u00bb\u00a0\u00bb transform_skew_last_edited=\u00a0\u00bbon|desktop\u00a0\u00bb transform_origin_tablet=\u00a0\u00bb\u00a0\u00bb transform_origin_phone=\u00a0\u00bb\u00a0\u00bb transform_origin_last_edited=\u00a0\u00bbon|desktop\u00a0\u00bb transform_styles_last_edited=\u00a0\u00bbon|desktop\u00a0\u00bb custom_margin=\u00a0\u00bb6%||||false|false\u00a0\u00bb custom_margin_tablet=\u00a0\u00bb3%||30px||false|false\u00a0\u00bb custom_margin_phone=\u00a0\u00bb5%||||false|false\u00a0\u00bb custom_margin_last_edited=\u00a0\u00bbon|phone\u00a0\u00bb custom_padding=\u00a0\u00bb5%|5%|5%|5%|true|true\u00a0\u00bb custom_padding_tablet=\u00a0\u00bb5%|5%|5%|5%|true|true\u00a0\u00bb custom_padding_phone=\u00a0\u00bb5%|5%|5%|5%|true|true\u00a0\u00bb custom_padding_last_edited=\u00a0\u00bbon|desktop\u00a0\u00bb transform_styles_tablet=\u00a0\u00bb\u00a0\u00bb transform_styles_phone=\u00a0\u00bb\u00a0\u00bb border_radii=\u00a0\u00bbon|22px|22px|22px|22px\u00a0\u00bb box_shadow_style=\u00a0\u00bbpreset1&Prime; global_colors_info=\u00a0\u00bb{}\u00a0\u00bb transform_styles__hover_enabled=\u00a0\u00bbon|hover\u00a0\u00bb transform_scale__hover_enabled=\u00a0\u00bbon|hover\u00a0\u00bb transform_translate__hover_enabled=\u00a0\u00bbon|hover\u00a0\u00bb transform_rotate__hover_enabled=\u00a0\u00bbon|desktop\u00a0\u00bb transform_skew__hover_enabled=\u00a0\u00bbon|desktop\u00a0\u00bb transform_origin__hover_enabled=\u00a0\u00bbon|desktop\u00a0\u00bb transform_translate__hover=\u00a0\u00bb0px|-10px\u00a0\u00bb background__hover_enabled=\u00a0\u00bbon|hover\u00a0\u00bb background_color__hover=\u00a0\u00bb#FFFFFF\u00a0\u00bb background_enable_color__hover=\u00a0\u00bbon\u00a0\u00bb box_shadow_color__hover_enabled=\u00a0\u00bbon|hover\u00a0\u00bb box_shadow_color__hover=\u00a0\u00bb#EC761F\u00a0\u00bb]<\/p>\n<p><strong>\u00ab L&rsquo;\u00e9quipe ZeeTim a \u00e9t\u00e9 remarquable d\u00e8s le d\u00e9part : aucune pression commerciale, tout le temps n\u00e9cessaire pour tester, et un accompagnement de grande qualit\u00e9 pendant la phase d\u2019\u00e9valuation. Nous avons vraiment appr\u00e9ci\u00e9 l\u2019approche personnalis\u00e9e et les r\u00e9ponses rapides, avec des solutions concr\u00e8tes aux blocages rencontr\u00e9s. \u00bb <\/strong><\/p>\n<p>\u2014 K.P., Head of IT, Bank<\/p>\n<p>[\/et_pb_text][\/et_pb_column][et_pb_column type=\u00a0\u00bb1_2&Prime; _builder_version=\u00a0\u00bb4.27.3&Prime; _module_preset=\u00a0\u00bbdefault\u00a0\u00bb background_color=\u00a0\u00bb#EFF1F3&Prime; border_radii=\u00a0\u00bbon|34px|34px|34px|34px\u00a0\u00bb box_shadow_style=\u00a0\u00bbpreset1&Prime; global_colors_info=\u00a0\u00bb{}\u00a0\u00bb box_shadow_color__hover_enabled=\u00a0\u00bbon|hover\u00a0\u00bb box_shadow_color__hover=\u00a0\u00bb#EC761F\u00a0\u00bb background__hover_enabled=\u00a0\u00bbon|hover\u00a0\u00bb background_color__hover=\u00a0\u00bb#FFFFFF\u00a0\u00bb background_enable_color__hover=\u00a0\u00bbon\u00a0\u00bb transform_styles__hover_enabled=\u00a0\u00bbon|hover\u00a0\u00bb transform_scale__hover_enabled=\u00a0\u00bbon|hover\u00a0\u00bb transform_translate__hover_enabled=\u00a0\u00bbon|desktop\u00a0\u00bb transform_rotate__hover_enabled=\u00a0\u00bbon|desktop\u00a0\u00bb transform_skew__hover_enabled=\u00a0\u00bbon|desktop\u00a0\u00bb transform_origin__hover_enabled=\u00a0\u00bbon|desktop\u00a0\u00bb transform_scale__hover=\u00a0\u00bb102%|102%\u00a0\u00bb][et_pb_contact_form use_spam_service=\u00a0\u00bbon\u00a0\u00bb recaptcha_list=\u00a0\u00bbGoogle reCaptcha|Google reCaptcha-0&Prime; email=\u00a0\u00bbcontact@zeetim.com\u00a0\u00bb custom_message=\u00a0\u00bbName: %%Name%%||et_pb_line_break_holder||Company: %%company%%||et_pb_line_break_holder||Email: %%Email%%||et_pb_line_break_holder||Country: %%Country%%||et_pb_line_break_holder||Message: %%Message%%||et_pb_line_break_holder||How ZeeTim: %%HowZeeTim%%||et_pb_line_break_holder||Gclid: %%gclid%%||et_pb_line_break_holder||||et_pb_line_break_holder||This email is sent from the ZeeOS free trial page (<a href=\"https:\/\/zeetim.com\/fr\/testez-nos-produits\/\">https:\/\/zeetim.com\/fr\/testez-nos-produits\/<\/a>).\u00a0\u00bb success_message=\u00a0\u00bb<\/p>\n<p style=%22text-align: center;%22>Merci !<\/p>\n<p style=%22text-align: center;%22>Veuillez consulter votre bo\u00eete mail (pensez \u00e0 v\u00e9rifier vos spams\u2026 !).<\/p>\n<p style=%22text-align: center;%22>Si vous n\u2019avez rien re\u00e7u, <a href=%22https:\/\/zeetim.com\/fr\/contact\/%22>contactez-nous.<\/a><\/p>\n<p>\u00a0\u00bb submit_button_text=\u00a0\u00bbTEST GRATUIT\u00a0\u00bb submit_button_text_phone=\u00a0\u00bbSTART MY FREE TRIAL\u00a0\u00bb submit_button_text_last_edited=\u00a0\u00bboff|phone\u00a0\u00bb admin_label=\u00a0\u00bbMain Product Trial FR\u00a0\u00bb _builder_version=\u00a0\u00bb4.27.5&Prime; _module_preset=\u00a0\u00bbdefault\u00a0\u00bb _unique_id=\u00a0\u00bb52a37c03-361f-4211-ad5c-4c88fdd926ab\u00a0\u00bb form_field_background_color=\u00a0\u00bbRGBA(255,255,255,0)\u00a0\u00bb form_field_text_color=\u00a0\u00bb#000000&Prime; form_field_focus_background_color=\u00a0\u00bb#F8F8F8&Prime; form_field_focus_text_color=\u00a0\u00bb#EC761F\u00a0\u00bb form_field_custom_margin=\u00a0\u00bb||||false|false\u00a0\u00bb captcha_text_color=\u00a0\u00bb#000000&Prime; form_field_font=\u00a0\u00bb|600|||||||\u00a0\u00bb background_color=\u00a0\u00bbRGBA(255,255,255,0)\u00a0\u00bb custom_button=\u00a0\u00bbon\u00a0\u00bb custom_margin=\u00a0\u00bb||39px||false|false\u00a0\u00bb custom_padding=\u00a0\u00bb43px|35px|0px|35px|false|true\u00a0\u00bb hover_enabled=\u00a0\u00bb0&Prime; button_text_size_tablet=\u00a0\u00bb\u00a0\u00bb button_text_size_phone=\u00a0\u00bb16px\u00a0\u00bb button_text_size_last_edited=\u00a0\u00bbon|phone\u00a0\u00bb custom_css_main_element=\u00a0\u00bbborder-radius: 30px;\u00a0\u00bb admin_email_subject=\u00a0\u00bbZeeOS Free Trial Request FR\u00a0\u00bb admin_email_from_name=\u00a0\u00bbZeeTim\u00a0\u00bb use_confirmation_email=\u00a0\u00bbon\u00a0\u00bb confirmation_email_field_id=\u00a0\u00bb%%Email%%\u00a0\u00bb confirmation_email_subject=\u00a0\u00bbEssai gratuit de ZeeOS : vos prochaines \u00e9tapes\u00a0\u00bb confirmation_email_from_name=\u00a0\u00bbZeeTim\u00a0\u00bb confirmation_email_from=\u00a0\u00bbcontact@zeetim.com\u00a0\u00bb use_confirmation_message_richtext=\u00a0\u00bbon\u00a0\u00bb confirmation_message_richtext=\u00a0\u00bb<\/p>\n<p data-start=%22137%22 data-end=%22207%22 class=%22%22>Bonjour %%Name%%,<\/p>\n<p class=%22p1%22>Merci de votre int\u00e9r\u00eat pour nos solutions.<\/p>\n<p class=%22p1%22>Il y a diff\u00e9rentes fa\u00e7ons de tester ZeeOS. Veuillez choisir l&rsquo;option qui correspond le mieux \u00e0 votre besoin :<\/p>\n<ol>\n<li class=%22p1%22><strong>D\u00e9marrer l\u2019appareil depuis une cl\u00e9 USB contenant ZeeOS<\/strong>. Cette m\u00e9thode permet d\u2019ex\u00e9cuter ZeeOS sur votre poste de travail de fa\u00e7on temporaire, sans modifier le syst\u00e8me d\u2019exploitation pr\u00e9existant. <strong>%91<a href=%22https:\/\/docs.zeetim.com\/s\/cti3ikh14cns4jeoo46g\/zeeos\/d\/d5f91grtsvas4j3ek3p0\/zeeos-testing-procedure-for-temporary-endpoint-conversion%22>Cliquez ici.<\/a>%93<\/strong><\/li>\n<li class=%22p1%22><strong>R\u00e9affecter le poste de travail.<\/strong> Ceci efface le syst\u00e8me d\u2019exploitation existant et installe ZeeOS de mani\u00e8re permanente. Attention, cette op\u00e9ration est irr\u00e9versible ! <strong>%91<a href=%22https:\/\/docs.zeetim.com\/s\/cti3ikh14cns4jeoo46g\/zeeos\/d\/d2qpn3114cns3ebs4pq0\/zeeos-testing-procedure-for-permanent-endpoint-conversion%22>Cliquez ici.<\/a>%93<\/strong><\/li>\n<li class=%22p1%22>Tester ZeeOS sur une machine virtuelle. <strong>%91<a href=%22https:\/\/docs.zeetim.com\/s\/cti3ikh14cns4jeoo46g\/zeeos\/d\/ctlb4c914cns4jeoo6ug\/zeeos-how-to-create-a-zeeos-virtual-machine%22>Cliquer ici.<\/a>%93<\/strong><\/li>\n<\/ol>\n<p class=%22p1%22>Pour toute question, notre \u00e9quipe support est \u00e0 votre \u00e9coute \u00e0 l\u2019adresse suivante : <a href=%22mailto:support@zeetim.com%22>support@zeetim.com<\/a>.<\/p>\n<p class=%22p1%22>\u00c0 tr\u00e8s vite !<br \/><a href=%22https:\/\/zeetim.com\/fr\/%22 data-et-target-link=%22_blank%22 rel=%22noopener%22>L\u2019\u00e9quipe ZeeTim<\/a><\/p>\n<p>\u00a0\u00bb field_label_border=\u00a0\u00bbon||||\u00a0\u00bb errormessage_fill_fontcolor=\u00a0\u00bb#ff0000&Prime; border_radii=\u00a0\u00bbon|11px|11px|11px|11px\u00a0\u00bb border_width_all=\u00a0\u00bb2px\u00a0\u00bb locked=\u00a0\u00bboff\u00a0\u00bb global_colors_info=\u00a0\u00bb{}\u00a0\u00bb submit_button_text__hover_enabled=\u00a0\u00bboff|desktop\u00a0\u00bb sticky_enabled=\u00a0\u00bb0&Prime;][et_pb_contact_field field_id=\u00a0\u00bbName\u00a0\u00bb field_title=\u00a0\u00bbPr\u00e9nom\u00a0\u00bb allowed_symbols=\u00a0\u00bbletters\u00a0\u00bb _builder_version=\u00a0\u00bb4.27.3&Prime; global_colors_info=\u00a0\u00bb{}\u00a0\u00bb button_text_size__hover_enabled=\u00a0\u00bboff\u00a0\u00bb button_one_text_size__hover_enabled=\u00a0\u00bboff\u00a0\u00bb button_two_text_size__hover_enabled=\u00a0\u00bboff\u00a0\u00bb button_text_color__hover_enabled=\u00a0\u00bboff\u00a0\u00bb button_one_text_color__hover_enabled=\u00a0\u00bboff\u00a0\u00bb button_two_text_color__hover_enabled=\u00a0\u00bboff\u00a0\u00bb button_border_width__hover_enabled=\u00a0\u00bboff\u00a0\u00bb button_one_border_width__hover_enabled=\u00a0\u00bboff\u00a0\u00bb button_two_border_width__hover_enabled=\u00a0\u00bboff\u00a0\u00bb button_border_color__hover_enabled=\u00a0\u00bboff\u00a0\u00bb button_one_border_color__hover_enabled=\u00a0\u00bboff\u00a0\u00bb button_two_border_color__hover_enabled=\u00a0\u00bboff\u00a0\u00bb button_border_radius__hover_enabled=\u00a0\u00bboff\u00a0\u00bb button_one_border_radius__hover_enabled=\u00a0\u00bboff\u00a0\u00bb button_two_border_radius__hover_enabled=\u00a0\u00bboff\u00a0\u00bb button_letter_spacing__hover_enabled=\u00a0\u00bboff\u00a0\u00bb button_one_letter_spacing__hover_enabled=\u00a0\u00bboff\u00a0\u00bb button_two_letter_spacing__hover_enabled=\u00a0\u00bboff\u00a0\u00bb button_bg_color__hover_enabled=\u00a0\u00bboff\u00a0\u00bb button_one_bg_color__hover_enabled=\u00a0\u00bboff\u00a0\u00bb button_two_bg_color__hover_enabled=\u00a0\u00bboff\u00a0\u00bb][\/et_pb_contact_field][et_pb_contact_field field_id=\u00a0\u00bbCompany\u00a0\u00bb field_title=\u00a0\u00bbSoci\u00e9t\u00e9\u00a0\u00bb _builder_version=\u00a0\u00bb4.27.4&Prime; _module_preset=\u00a0\u00bbdefault\u00a0\u00bb global_colors_info=\u00a0\u00bb{}\u00a0\u00bb][\/et_pb_contact_field][et_pb_contact_field field_id=\u00a0\u00bbEmail\u00a0\u00bb field_title=\u00a0\u00bbEmail\u00a0\u00bb field_type=\u00a0\u00bbemail\u00a0\u00bb _builder_version=\u00a0\u00bb4.27.4&Prime; global_colors_info=\u00a0\u00bb{}\u00a0\u00bb button_text_size__hover_enabled=\u00a0\u00bboff\u00a0\u00bb button_one_text_size__hover_enabled=\u00a0\u00bboff\u00a0\u00bb button_two_text_size__hover_enabled=\u00a0\u00bboff\u00a0\u00bb button_text_color__hover_enabled=\u00a0\u00bboff\u00a0\u00bb button_one_text_color__hover_enabled=\u00a0\u00bboff\u00a0\u00bb button_two_text_color__hover_enabled=\u00a0\u00bboff\u00a0\u00bb button_border_width__hover_enabled=\u00a0\u00bboff\u00a0\u00bb button_one_border_width__hover_enabled=\u00a0\u00bboff\u00a0\u00bb button_two_border_width__hover_enabled=\u00a0\u00bboff\u00a0\u00bb button_border_color__hover_enabled=\u00a0\u00bboff\u00a0\u00bb button_one_border_color__hover_enabled=\u00a0\u00bboff\u00a0\u00bb button_two_border_color__hover_enabled=\u00a0\u00bboff\u00a0\u00bb button_border_radius__hover_enabled=\u00a0\u00bboff\u00a0\u00bb button_one_border_radius__hover_enabled=\u00a0\u00bboff\u00a0\u00bb button_two_border_radius__hover_enabled=\u00a0\u00bboff\u00a0\u00bb button_letter_spacing__hover_enabled=\u00a0\u00bboff\u00a0\u00bb button_one_letter_spacing__hover_enabled=\u00a0\u00bboff\u00a0\u00bb button_two_letter_spacing__hover_enabled=\u00a0\u00bboff\u00a0\u00bb button_bg_color__hover_enabled=\u00a0\u00bboff\u00a0\u00bb button_one_bg_color__hover_enabled=\u00a0\u00bboff\u00a0\u00bb button_two_bg_color__hover_enabled=\u00a0\u00bboff\u00a0\u00bb][\/et_pb_contact_field][et_pb_contact_field field_id=\u00a0\u00bbCountry\u00a0\u00bb field_title=\u00a0\u00bbPays\u00a0\u00bb allowed_symbols=\u00a0\u00bbletters\u00a0\u00bb _builder_version=\u00a0\u00bb4.27.3&Prime; _module_preset=\u00a0\u00bbdefault\u00a0\u00bb global_colors_info=\u00a0\u00bb{}\u00a0\u00bb][\/et_pb_contact_field][et_pb_contact_field field_id=\u00a0\u00bbMessage\u00a0\u00bb field_title=\u00a0\u00bbInformations compl\u00e9mentaires\u00a0\u00bb field_type=\u00a0\u00bbtext\u00a0\u00bb required_mark=\u00a0\u00bboff\u00a0\u00bb fullwidth_field=\u00a0\u00bbon\u00a0\u00bb _builder_version=\u00a0\u00bb4.27.4&Prime; _module_preset=\u00a0\u00bbdefault\u00a0\u00bb global_colors_info=\u00a0\u00bb{}\u00a0\u00bb][\/et_pb_contact_field][et_pb_contact_field field_id=\u00a0\u00bbHowZeeTim\u00a0\u00bb field_title=\u00a0\u00bbComment avez-vous connu ZeeTim ?\u00a0\u00bb allowed_symbols=\u00a0\u00bbletters\u00a0\u00bb required_mark=\u00a0\u00bboff\u00a0\u00bb fullwidth_field=\u00a0\u00bbon\u00a0\u00bb _builder_version=\u00a0\u00bb4.27.4&Prime; global_colors_info=\u00a0\u00bb{}\u00a0\u00bb button_text_size__hover_enabled=\u00a0\u00bboff\u00a0\u00bb button_one_text_size__hover_enabled=\u00a0\u00bboff\u00a0\u00bb button_two_text_size__hover_enabled=\u00a0\u00bboff\u00a0\u00bb button_text_color__hover_enabled=\u00a0\u00bboff\u00a0\u00bb button_one_text_color__hover_enabled=\u00a0\u00bboff\u00a0\u00bb button_two_text_color__hover_enabled=\u00a0\u00bboff\u00a0\u00bb button_border_width__hover_enabled=\u00a0\u00bboff\u00a0\u00bb button_one_border_width__hover_enabled=\u00a0\u00bboff\u00a0\u00bb button_two_border_width__hover_enabled=\u00a0\u00bboff\u00a0\u00bb button_border_color__hover_enabled=\u00a0\u00bboff\u00a0\u00bb button_one_border_color__hover_enabled=\u00a0\u00bboff\u00a0\u00bb button_two_border_color__hover_enabled=\u00a0\u00bboff\u00a0\u00bb button_border_radius__hover_enabled=\u00a0\u00bboff\u00a0\u00bb button_one_border_radius__hover_enabled=\u00a0\u00bboff\u00a0\u00bb button_two_border_radius__hover_enabled=\u00a0\u00bboff\u00a0\u00bb button_letter_spacing__hover_enabled=\u00a0\u00bboff\u00a0\u00bb button_one_letter_spacing__hover_enabled=\u00a0\u00bboff\u00a0\u00bb button_two_letter_spacing__hover_enabled=\u00a0\u00bboff\u00a0\u00bb button_bg_color__hover_enabled=\u00a0\u00bboff\u00a0\u00bb button_one_bg_color__hover_enabled=\u00a0\u00bboff\u00a0\u00bb button_two_bg_color__hover_enabled=\u00a0\u00bboff\u00a0\u00bb][\/et_pb_contact_field][et_pb_contact_field field_id=\u00a0\u00bbTerms\u00a0\u00bb field_title=\u00a0\u00bb \u00a0\u00bb field_type=\u00a0\u00bbcheckbox\u00a0\u00bb checkbox_options=\u00a0\u00bb%91{%22value%22:%22J&rsquo;accepte la politique de confidentialit\u00e9 de ZeeTim%22,%22checked%22:0,%22dragID%22:-1,%22link_url%22:%22https:\/\/zeetim.com\/fr\/notice-dinformation-sur-le-traitement-des-donnees-personnelles\/%22,%22link_text%22:%22%22}%93&Prime; fullwidth_field=\u00a0\u00bbon\u00a0\u00bb _builder_version=\u00a0\u00bb4.27.3&Prime; _module_preset=\u00a0\u00bbdefault\u00a0\u00bb use_required_asterisk=\u00a0\u00bboff\u00a0\u00bb global_colors_info=\u00a0\u00bb{}\u00a0\u00bb][\/et_pb_contact_field][\/et_pb_contact_form][\/et_pb_column][\/et_pb_row][et_pb_row _builder_version=\u00a0\u00bb4.27.3&Prime; _module_preset=\u00a0\u00bbdefault\u00a0\u00bb custom_margin=\u00a0\u00bb100px||||false|false\u00a0\u00bb custom_padding=\u00a0\u00bb0px||0px||false|false\u00a0\u00bb global_colors_info=\u00a0\u00bb{}\u00a0\u00bb][et_pb_column type=\u00a0\u00bb4_4&Prime; _builder_version=\u00a0\u00bb4.27.3&Prime; _module_preset=\u00a0\u00bbdefault\u00a0\u00bb global_colors_info=\u00a0\u00bb{}\u00a0\u00bb][et_pb_text _builder_version=\u00a0\u00bb4.27.3&Prime; _module_preset=\u00a0\u00bbdefault\u00a0\u00bb global_colors_info=\u00a0\u00bb{}\u00a0\u00bb]<\/p>\n<h2 class=\"p1\" style=\"text-align: center;\">Pl\u00e9biscit\u00e9 par de nombreuses entreprises dans le monde entier<\/h2>\n<p>[\/et_pb_text][\/et_pb_column][\/et_pb_row][et_pb_row column_structure=\u00a0\u00bb1_6,1_6,1_6,1_6,1_6,1_6&Prime; use_custom_gutter=\u00a0\u00bbon\u00a0\u00bb gutter_width=\u00a0\u00bb1&Prime; _builder_version=\u00a0\u00bb4.27.3&Prime; _module_preset=\u00a0\u00bbdefault\u00a0\u00bb width=\u00a0\u00bb100%\u00a0\u00bb max_width=\u00a0\u00bb100%\u00a0\u00bb custom_padding=\u00a0\u00bb||0px||false|false\u00a0\u00bb global_colors_info=\u00a0\u00bb{}\u00a0\u00bb][et_pb_column type=\u00a0\u00bb1_6&Prime; _builder_version=\u00a0\u00bb4.27.3&Prime; _module_preset=\u00a0\u00bbdefault\u00a0\u00bb global_colors_info=\u00a0\u00bb{}\u00a0\u00bb][et_pb_image src=\u00a0\u00bbhttps:\/\/zeetim.com\/wp-content\/uploads\/2024\/02\/ADP-1.png\u00a0\u00bb alt=\u00a0\u00bbADP logo\u00a0\u00bb title_text=\u00a0\u00bbADP\u00a0\u00bb align=\u00a0\u00bbcenter\u00a0\u00bb _builder_version=\u00a0\u00bb4.27.3&Prime; _module_preset=\u00a0\u00bbdefault\u00a0\u00bb width=\u00a0\u00bb24%\u00a0\u00bb max_width_tablet=\u00a0\u00bb29%\u00a0\u00bb max_width_phone=\u00a0\u00bb17%\u00a0\u00bb max_width_last_edited=\u00a0\u00bbon|phone\u00a0\u00bb custom_padding_tablet=\u00a0\u00bb||12%||false|false\u00a0\u00bb custom_padding_phone=\u00a0\u00bb||5%||false|false\u00a0\u00bb custom_padding_last_edited=\u00a0\u00bbon|tablet\u00a0\u00bb locked=\u00a0\u00bboff\u00a0\u00bb global_colors_info=\u00a0\u00bb{}\u00a0\u00bb][\/et_pb_image][\/et_pb_column][et_pb_column type=\u00a0\u00bb1_6&Prime; _builder_version=\u00a0\u00bb4.27.3&Prime; _module_preset=\u00a0\u00bbdefault\u00a0\u00bb global_colors_info=\u00a0\u00bb{}\u00a0\u00bb][et_pb_image src=\u00a0\u00bbhttps:\/\/zeetim.com\/wp-content\/uploads\/2024\/02\/Kenzo-1.png\u00a0\u00bb alt=\u00a0\u00bbKenzo logo\u00a0\u00bb title_text=\u00a0\u00bbKenzo\u00a0\u00bb align=\u00a0\u00bbcenter\u00a0\u00bb _builder_version=\u00a0\u00bb4.27.3&Prime; _module_preset=\u00a0\u00bbdefault\u00a0\u00bb width=\u00a0\u00bb44%\u00a0\u00bb width_tablet=\u00a0\u00bb57%\u00a0\u00bb width_phone=\u00a0\u00bb29%\u00a0\u00bb width_last_edited=\u00a0\u00bbon|phone\u00a0\u00bb custom_padding_tablet=\u00a0\u00bb\u00a0\u00bb custom_padding_phone=\u00a0\u00bb||5%||false|false\u00a0\u00bb custom_padding_last_edited=\u00a0\u00bbon|phone\u00a0\u00bb locked=\u00a0\u00bboff\u00a0\u00bb global_colors_info=\u00a0\u00bb{}\u00a0\u00bb][\/et_pb_image][\/et_pb_column][et_pb_column type=\u00a0\u00bb1_6&Prime; _builder_version=\u00a0\u00bb4.27.3&Prime; _module_preset=\u00a0\u00bbdefault\u00a0\u00bb global_colors_info=\u00a0\u00bb{}\u00a0\u00bb][et_pb_image src=\u00a0\u00bbhttps:\/\/zeetim.com\/wp-content\/uploads\/2024\/02\/Autodistribution-1.png\u00a0\u00bb alt=\u00a0\u00bbAuto distribution logo\u00a0\u00bb title_text=\u00a0\u00bbAutodistribution\u00a0\u00bb align=\u00a0\u00bbcenter\u00a0\u00bb _builder_version=\u00a0\u00bb4.27.3&Prime; _module_preset=\u00a0\u00bbdefault\u00a0\u00bb width=\u00a0\u00bb94%\u00a0\u00bb width_tablet=\u00a0\u00bb90%\u00a0\u00bb width_phone=\u00a0\u00bb58%\u00a0\u00bb width_last_edited=\u00a0\u00bbon|tablet\u00a0\u00bb custom_padding_tablet=\u00a0\u00bb\u00a0\u00bb custom_padding_phone=\u00a0\u00bb||5%||false|false\u00a0\u00bb custom_padding_last_edited=\u00a0\u00bbon|phone\u00a0\u00bb locked=\u00a0\u00bboff\u00a0\u00bb global_colors_info=\u00a0\u00bb{}\u00a0\u00bb][\/et_pb_image][\/et_pb_column][et_pb_column type=\u00a0\u00bb1_6&Prime; _builder_version=\u00a0\u00bb4.27.3&Prime; _module_preset=\u00a0\u00bbdefault\u00a0\u00bb global_colors_info=\u00a0\u00bb{}\u00a0\u00bb][et_pb_image src=\u00a0\u00bbhttps:\/\/zeetim.com\/wp-content\/uploads\/2024\/02\/Dior-1.png\u00a0\u00bb alt=\u00a0\u00bbDior logo\u00a0\u00bb title_text=\u00a0\u00bbDior\u00a0\u00bb align=\u00a0\u00bbcenter\u00a0\u00bb _builder_version=\u00a0\u00bb4.27.3&Prime; _module_preset=\u00a0\u00bbdefault\u00a0\u00bb width=\u00a0\u00bb27%\u00a0\u00bb width_tablet=\u00a0\u00bb36%\u00a0\u00bb width_phone=\u00a0\u00bb21%\u00a0\u00bb width_last_edited=\u00a0\u00bbon|tablet\u00a0\u00bb custom_padding_tablet=\u00a0\u00bb\u00a0\u00bb custom_padding_phone=\u00a0\u00bb||5%||false|false\u00a0\u00bb custom_padding_last_edited=\u00a0\u00bbon|phone\u00a0\u00bb locked=\u00a0\u00bboff\u00a0\u00bb global_colors_info=\u00a0\u00bb{}\u00a0\u00bb][\/et_pb_image][\/et_pb_column][et_pb_column type=\u00a0\u00bb1_6&Prime; _builder_version=\u00a0\u00bb4.27.3&Prime; _module_preset=\u00a0\u00bbdefault\u00a0\u00bb global_colors_info=\u00a0\u00bb{}\u00a0\u00bb][et_pb_image src=\u00a0\u00bbhttps:\/\/zeetim.com\/wp-content\/uploads\/2024\/02\/UTRGV-1.png\u00a0\u00bb alt=\u00a0\u00bbUTRGV logo\u00a0\u00bb title_text=\u00a0\u00bbUTRGV\u00a0\u00bb align=\u00a0\u00bbcenter\u00a0\u00bb _builder_version=\u00a0\u00bb4.27.3&Prime; _module_preset=\u00a0\u00bbdefault\u00a0\u00bb width=\u00a0\u00bb42%\u00a0\u00bb width_tablet=\u00a0\u00bb57%\u00a0\u00bb width_phone=\u00a0\u00bb30%\u00a0\u00bb width_last_edited=\u00a0\u00bbon|tablet\u00a0\u00bb custom_padding_tablet=\u00a0\u00bb\u00a0\u00bb custom_padding_phone=\u00a0\u00bb||5%||false|false\u00a0\u00bb custom_padding_last_edited=\u00a0\u00bbon|phone\u00a0\u00bb locked=\u00a0\u00bboff\u00a0\u00bb global_colors_info=\u00a0\u00bb{}\u00a0\u00bb][\/et_pb_image][\/et_pb_column][et_pb_column type=\u00a0\u00bb1_6&Prime; _builder_version=\u00a0\u00bb4.27.3&Prime; _module_preset=\u00a0\u00bbdefault\u00a0\u00bb global_colors_info=\u00a0\u00bb{}\u00a0\u00bb][et_pb_image src=\u00a0\u00bbhttps:\/\/zeetim.com\/wp-content\/uploads\/2024\/02\/ubx-cloud-1.png\u00a0\u00bb alt=\u00a0\u00bbUBX cloud logo\u00a0\u00bb title_text=\u00a0\u00bbubx-cloud\u00a0\u00bb align=\u00a0\u00bbcenter\u00a0\u00bb _builder_version=\u00a0\u00bb4.27.3&Prime; _module_preset=\u00a0\u00bbdefault\u00a0\u00bb width=\u00a0\u00bb24%\u00a0\u00bb width_tablet=\u00a0\u00bb32%\u00a0\u00bb width_phone=\u00a0\u00bb21%\u00a0\u00bb width_last_edited=\u00a0\u00bbon|tablet\u00a0\u00bb locked=\u00a0\u00bboff\u00a0\u00bb global_colors_info=\u00a0\u00bb{}\u00a0\u00bb][\/et_pb_image][\/et_pb_column][\/et_pb_row][\/et_pb_section]<\/p>\n","protected":false},"excerpt":{"rendered":"<p>Un poste de travail rapide, s\u00e9curis\u00e9 et facile \u00e0 administrer. Essayez ZeeOS d\u00e8s aujourd\u2019hui.\u00ab L&rsquo;\u00e9quipe ZeeTim a \u00e9t\u00e9 remarquable d\u00e8s le d\u00e9part : aucune pression commerciale, tout le temps n\u00e9cessaire pour tester, et un accompagnement de grande qualit\u00e9 pendant la phase d\u2019\u00e9valuation. Nous avons vraiment appr\u00e9ci\u00e9 l\u2019approche personnalis\u00e9e et les r\u00e9ponses rapides, avec des solutions [&hellip;]<\/p>\n","protected":false},"author":245846896,"featured_media":0,"parent":0,"menu_order":0,"comment_status":"closed","ping_status":"closed","template":"","meta":{"_et_pb_use_builder":"on","_et_pb_old_content":"","_et_gb_content_width":"","footnotes":""},"class_list":["post-4698","page","type-page","status-publish","hentry"],"jetpack_shortlink":"https:\/\/wp.me\/PftEwX-1dM","jetpack_sharing_enabled":true,"_links":{"self":[{"href":"https:\/\/zeetim.com\/fr\/wp-json\/wp\/v2\/pages\/4698","targetHints":{"allow":["GET"]}}],"collection":[{"href":"https:\/\/zeetim.com\/fr\/wp-json\/wp\/v2\/pages"}],"about":[{"href":"https:\/\/zeetim.com\/fr\/wp-json\/wp\/v2\/types\/page"}],"author":[{"embeddable":true,"href":"https:\/\/zeetim.com\/fr\/wp-json\/wp\/v2\/users\/245846896"}],"replies":[{"embeddable":true,"href":"https:\/\/zeetim.com\/fr\/wp-json\/wp\/v2\/comments?post=4698"}],"version-history":[{"count":35,"href":"https:\/\/zeetim.com\/fr\/wp-json\/wp\/v2\/pages\/4698\/revisions"}],"predecessor-version":[{"id":13727,"href":"https:\/\/zeetim.com\/fr\/wp-json\/wp\/v2\/pages\/4698\/revisions\/13727"}],"wp:attachment":[{"href":"https:\/\/zeetim.com\/fr\/wp-json\/wp\/v2\/media?parent=4698"}],"curies":[{"name":"wp","href":"https:\/\/api.w.org\/{rel}","templated":true}]}}