{"id":4928,"date":"2024-01-31T16:09:47","date_gmt":"2024-01-31T15:09:47","guid":{"rendered":"https:\/\/zeetim.com\/?page_id=4928"},"modified":"2024-04-22T12:16:44","modified_gmt":"2024-04-22T10:16:44","slug":"notice-dinformation-sur-le-traitement-des-donnees-personnelles","status":"publish","type":"page","link":"https:\/\/zeetim.com\/fr\/notice-dinformation-sur-le-traitement-des-donnees-personnelles\/","title":{"rendered":"Notice d\u2019information sur le traitement des donnees personnelles"},"content":{"rendered":"<p>ZeeTim et ses filiales (collectivement \u00ab&nbsp;ZeeTim&nbsp;\u00bb) s\u2019engagent \u00e0 prot\u00e9ger votre vie priv\u00e9e et \u00e0 vous apporter une exp\u00e9rience positive sur nos sites web et dans l\u2019utilisation de nos produits et services (les \u00ab&nbsp;Solutions&nbsp;\u00bb).<\/p>\n<p>Cette d\u00e9claration de confidentialit\u00e9 s\u2019applique aux sites web et aux solutions de ZeeTim qui renvoient vers ou font r\u00e9f\u00e9rence \u00e0 cette D\u00e9claration et qui d\u00e9crivent la fa\u00e7on dont nous traitons les donn\u00e9es personnelles et les choix qui s\u2019offrent \u00e0 vous concernant la collecte, l\u2019utilisation, l\u2019acc\u00e8s, et la fa\u00e7on de mettre \u00e0 jour et corriger vos donn\u00e9es personnelles. Des informations compl\u00e9mentaires relatives \u00e0 nos pratiques en la mati\u00e8re peuvent \u00eatre fournies dans les descriptions d\u2019offres, des fiches techniques sur la confidentialit\u00e9 ou d\u2019autres avis communiqu\u00e9s pr\u00e9alablement ou au moment de la collecte de donn\u00e9es. Certains sites web et Solutions de ZeeTim peuvent disposer de leur propre d\u00e9claration de confidentialit\u00e9 d\u00e9crivant comment nous traitons les informations personnelles pour ces sites web ou Solutions en particulier. Dans la mesure o\u00f9 un avis sp\u00e9cifique pour un site web ou une Solution est en conflit avec la pr\u00e9sente D\u00e9claration de confidentialit\u00e9, cet avis sp\u00e9cifique pr\u00e9vaudra.<\/p>\n<h2 class=\"wp-block-heading\">Que sont les informations personnelles&nbsp;?<\/h2>\n<p>\u00ab&nbsp;Informations personnelles&nbsp;\u00bb d\u00e9signe tout renseignement pouvant \u00eatre utilis\u00e9 pour identifier une personne&nbsp;; cela peut comprendre le nom de la personne, son adresse, son adresse e-mail, son num\u00e9ro de t\u00e9l\u00e9phone, ses identifiants de connexion (num\u00e9ro de compte, mot de passe), des renseignements sur son compte de m\u00e9dias sociaux ou le num\u00e9ro d\u2019une carte de paiement.<\/p>\n<p>Elles peuvent \u00e9galement inclure des identifiants de p\u00e9riph\u00e9riques, des donn\u00e9es et des valeurs de t\u00e9l\u00e9m\u00e9trie (telles que l\u2019adresse IP ou MAC) lorsque ces donn\u00e9es sont li\u00e9es ou associ\u00e9es au p\u00e9riph\u00e9rique d\u2019une personne sp\u00e9cifique.<\/p>\n<p>Si nous \u00e9tablissons un lien entre vos informations personnelles et d\u2019autres donn\u00e9es, nous traiterons ces derni\u00e8res comme des informations personnelles.<\/p>\n<h2 class=\"wp-block-heading\">Collecte de vos informations personnelles<\/h2>\n<p>Nous pouvons recueillir des donn\u00e9es, notamment des informations personnelles vous concernant lors de votre utilisation de nos sites web et Solutions, et de votre interaction avec nous. Nous recueillons \u00e9galement des informations personnelles aupr\u00e8s de sources tierces de confiance et nous avons recours \u00e0 des tiers pour nous aider \u00e0 recueillir des informations personnelles en notre nom.<\/p>\n<p>Nous recueillons des informations personnelles pour diverses raisons, notamment en vue de&nbsp;:<\/p>\n<ul>\n<li>Traiter votre commande, y compris les transactions de paiement\u00a0;<\/li>\n<li>Vous proposer un abonnement \u00e0 notre newsletter\u00a0;<\/li>\n<li>Envoyer et g\u00e9rer les pr\u00e9f\u00e9rences et communications marketing\u00a0;<\/li>\n<li>Cr\u00e9er un compte.<\/li>\n<li>Mettre \u00e0 disposition des sites web et des Solutions et permettre l\u2019utilisation de certaines fonctionnalit\u00e9s\u00a0;<\/li>\n<li>personnaliser, am\u00e9liorer et renforcer l\u2019exp\u00e9rience des utilisateurs et les Solutions\u00a0;<\/li>\n<li>proposer un service clients\u00a0;<\/li>\n<li>g\u00e9rer une candidature\u00a0;<\/li>\n<li>administrer les formations en ligne, tests et certifications.<\/li>\n<\/ul>\n<p>Nous-m\u00eames ainsi que les tiers auxquels nous avons recours pouvons combiner les informations que nous recueillons aupr\u00e8s de vous au fil du temps et sur nos sites web et Solutions avec celles obtenues aupr\u00e8s d\u2019autres sources. En proc\u00e9dant de la sorte, nous disposons d\u2019informations pr\u00e9cises et compl\u00e8tes, ce qui nous permet de vous proposer des interactions toujours plus personnalis\u00e9es.<\/p>\n<p>Si vous choisissez de fournir \u00e0 ZeeTim des informations personnelles tierces (comme un nom, une adresse e-mail et un num\u00e9ro de t\u00e9l\u00e9phone), vous d\u00e9clarez disposer de l\u2019autorisation de ce tiers pour proc\u00e9der de la sorte. Le transfert de documents de r\u00e9f\u00e9rence ou marketing \u00e0 un ami ou l\u2019envoi de recommandations professionnelles en sont un exemple. Les tiers peuvent se d\u00e9sabonner de toute communication future en cliquant sur le lien fourni dans le message initial ou en nous contactant \u00e0 contact@zeetim.com. Dans certaines situations, ZeeTim ainsi que les tiers auxquels nous avons recours peuvent collecter des donn\u00e9es automatiquement par le biais de cookies, journaux des visites en ligne, balises web et autres applications similaires. Ces informations nous permettent de mieux comprendre et d\u2019am\u00e9liorer l\u2019utilisation, les performances et l\u2019efficacit\u00e9 du site web, et de personnaliser le contenu et les offres qui vous sont propos\u00e9s.<\/p>\n<h2 class=\"wp-block-heading\">Utilisation de vos informations personnelles<\/h2>\n<p>Nous pouvons utiliser vos informations personnelles dans le but d\u2019exploiter notre activit\u00e9, de fournir, d\u2019am\u00e9liorer et de personnaliser nos sites web et Solutions, d\u2019envoyer des communications marketing et autres, et \u00e0 d\u2019autres fins l\u00e9gitimes autoris\u00e9es par la l\u00e9gislation en vigueur. Voici quelques exemples d\u2019utilisation de vos informations personnelles&nbsp;:<\/p>\n<p>Fournir une Solution que vous avez demand\u00e9e.<\/p>\n<ul>\n<li>Analyser, prendre en charge et am\u00e9liorer nos sites web et Solutions ainsi que l\u2019exp\u00e9rience de l\u2019utilisateur.<\/li>\n<li>Personnaliser nos sites web et Solutions, newsletters et autres communications.<\/li>\n<li>Administrer et traiter vos formations et examens de certification.<\/li>\n<li>G\u00e9rer vos relations et vos interactions avec ZeeTim.<\/li>\n<li>Vous envoyer des communications, y compris \u00e0 des fins marketing ou de satisfaction client, directement depuis ZeeTim ou depuis nos partenaires.<\/li>\n<li>Vous pouvez modifier vos pr\u00e9f\u00e9rences de communication \u00e0 tout moment. Reportez-vous au paragraphe Choix et s\u00e9lection de vos pr\u00e9f\u00e9rences de communication ci-dessous.<\/li>\n<\/ul>\n<h2 class=\"wp-block-heading\">Acc\u00e8s et exactitude de vos informations personnelles<\/h2>\n<ul>\n<li>Nous avons besoin de votre aide pour assurer l\u2019exactitude de vos informations personnelles et leur tenue \u00e0 jour. Nous proposons des options permettant d\u2019acc\u00e9der \u00e0, de corriger, d\u2019effacer ou de supprimer vos donn\u00e9es personnelles\u00a0:<\/li>\n<li>Certaines entit\u00e9s\u00a0ZeeTim peuvent agir ou \u00eatre consid\u00e9r\u00e9es comme des \u00ab\u00a0contr\u00f4leurs de donn\u00e9es\u00a0\u00bb. Lorsqu\u2019une entit\u00e9 ZeeTim fait office de contr\u00f4leur de donn\u00e9es, vous pouvez exercer vos droits d\u2019acc\u00e8s et demander la correction, la suppression ou la d\u00e9sactivation en vertu des lois en vigueur sur la protection des donn\u00e9es, directement avec cette entit\u00e9\u00a0ZeeTim.<\/li>\n<li>Si vous avez besoin d\u2019assistance suppl\u00e9mentaire ou d\u2019aide pour acc\u00e9der \u00e0, corriger, effacer ou supprimer vos donn\u00e9es personnelles, n\u2019h\u00e9sitez pas \u00e0 nous contacter directement. Nous nous effor\u00e7ons en toute bonne foi d\u2019honorer les demandes raisonnables d\u2019acc\u00e8s, de suppression, de mise \u00e0 jour, d\u2019effacement ou de correction de vos donn\u00e9es. Nous r\u00e9pondrons \u00e0 votre demande sous 30\u00a0jours. Si nous ne pouvons pas honorer votre demande ou avons besoin de plus de temps, nous vous fournirons une explication.<\/li>\n<li>Dans certaines circonstances, certaines entit\u00e9s ZeeTim peuvent agir comme ou \u00eatre consid\u00e9r\u00e9es comme des \u00ab\u00a0sous-traitants de donn\u00e9es\u00a0\u00bb. Lorsqu\u2019une entit\u00e9 ZeeTim fait office de sous-traitant de donn\u00e9es et que vous souhaitez exercer vos droits d\u2019acc\u00e8s et demander la correction, l\u2019effacement ou la d\u00e9sactivation, ZeeTim vous orientera vers le contr\u00f4leur de donn\u00e9es en vertu des lois en vigueur sur la protection des donn\u00e9es.<\/li>\n<\/ul>\n<h2 class=\"wp-block-heading\">Choix et s\u00e9lection de vos pr\u00e9f\u00e9rences de communication<\/h2>\n<p>Nous vous donnons la possibilit\u00e9 de choisir les informations que vous souhaitez recevoir sur nos activit\u00e9s, programmes, sites web et Solutions. Vous pouvez g\u00e9rer vos pr\u00e9f\u00e9rences de communication en proc\u00e9dant comme suit&nbsp;:<\/p>\n<ul>\n<li>En suivant les instructions contenues dans chacun de nos e-mails promotionnels pour vous d\u00e9sabonner de ce publipostage.<\/li>\n<li>En nous contactant \u00e0 l\u2019adresse contact@zeetim.com.<\/li>\n<\/ul>\n<p>Ces choix ne s\u2019appliquent pas aux notifications de service ni aux communications obligatoires qui sont consid\u00e9r\u00e9es comme faisant partie de certains programmes, sites web et Solutions que vous pouvez recevoir p\u00e9riodiquement \u00e0 moins d\u2019avoir arr\u00eat\u00e9 ou annul\u00e9 l\u2019utilisation du programme, du site web ou de la Solution conform\u00e9ment \u00e0 ses conditions g\u00e9n\u00e9rales. Avec votre autorisation, nous pouvons \u00e9galement partager vos informations personnelles avec les partenaires commerciaux ou fournisseurs de&nbsp;ZeeTim afin de leur permettre de vous communiquer des informations sur les sites web, produits ou services susceptibles de vous int\u00e9resser. Si vous ne souhaitez pas que ZeeTim partage vos informations personnelles avec des tiers \u00e0 des fins marketing, contactez-nous \u00e0 contact@zeetim.com.<\/p>\n<p>En utilisant nos sites web ou Solutions, ou en nous communiquant des informations personnelles, vous acceptez que nous puissions communiquer avec vous par voie \u00e9lectronique sur des questions de s\u00e9curit\u00e9, de confidentialit\u00e9 et d\u2019administration en rapport avec votre utilisation. Par exemple, si nous avons connaissance d\u2019une attaque dans un syst\u00e8me de s\u00e9curit\u00e9, nous pouvons tenter de vous en avertir par voie \u00e9lectronique en publiant un avis sur nos sites web, en vous envoyant un e-mail ou en vous contactant d\u2019une autre mani\u00e8re.<\/p>\n<h2 class=\"wp-block-heading\">Partage de vos informations personnelles<\/h2>\n<p>Nous pouvons partager vos informations personnelles avec des tiers dans le but d\u2019exploiter notre activit\u00e9, de fournir, d\u2019am\u00e9liorer et de personnaliser nos sites web et Solutions, d\u2019envoyer des communications marketing et autres en rapport avec notre activit\u00e9, et \u00e0 d\u2019autres fins l\u00e9gitimes autoris\u00e9es par la l\u00e9gislation en vigueur ou pour d\u2019autres motifs avec votre consentement.<\/p>\n<p>Nous pouvons partager vos informations personnelles de plusieurs mani\u00e8res&nbsp;:<\/p>\n<ul>\n<li>Au sein de ZeeTim et de toutes nos filiales dans le monde, \u00e0 des fins de traitement des donn\u00e9es, telles que le marketing, les op\u00e9rations commerciales, la s\u00e9curit\u00e9, les fonctionnalit\u00e9s du site web ou de la solution, ou le stockage.<\/li>\n<li>Avec des partenaires commerciaux ou fournisseurs de ZeeTim afin de leur permettre de vous communiquer des informations sur leurs produits ou services. Si vous ne souhaitez pas que ZeeTim partage vos informations personnelles avec des tiers \u00e0 des fins marketing, contactez-nous \u00e0 contact@zeetim.com.<\/li>\n<li>Avec les partenaires commerciaux, fournisseurs de service, agents tiers autoris\u00e9s ou sous-traitants en vue de fournir un site web, une Solution, un service ou une transaction demand\u00e9s. Il s\u2019agit par exemple, sans s\u2019y limiter, du traitement des commandes et des transactions par carte de cr\u00e9dit, de l\u2019h\u00e9bergement de sites web, de l\u2019h\u00e9bergement d\u2019inscriptions \u00e0 un s\u00e9minaire, de l\u2019assistance \u00e0 des efforts de vente ou de l\u2019assistance apr\u00e8s-vente et de fournir un service clients.<\/li>\n<li>En lien avec, ou pendant les n\u00e9gociations de, toute fusion, vente d\u2019actifs d\u2019une entreprise, consolidation ou restructuration, financement, ou acquisition en totalit\u00e9 ou en partie de notre activit\u00e9 par ou en faveur d\u2019une autre entreprise.<\/li>\n<li>En r\u00e9ponse \u00e0 une demande d\u2019informations par une autorit\u00e9 comp\u00e9tente ou un tiers si nous estimons que cette divulgation est conforme \u00e0, ou est autrement exig\u00e9e par, une l\u00e9gislation, une r\u00e9glementation ou un processus juridique applicable.<\/li>\n<li>Avec les responsables de l\u2019application de la loi, les organismes publics ou d\u2019autres tiers tel que n\u00e9cessaire pour satisfaire au processus juridique ou aux exigences de s\u00e9curit\u00e9 nationale, et prot\u00e9ger les droits, la propri\u00e9t\u00e9 ou la s\u00e9curit\u00e9 de ZeeTim, ses partenaires commerciaux, vous ou d\u2019autres, ou tel qu\u2019autrement requis par la loi en vigueur.<\/li>\n<li>Dans un format agr\u00e9g\u00e9 et\/ou anonymis\u00e9 ne pouvant \u00eatre raisonnablement utilis\u00e9 pour vous identifier.<\/li>\n<li>Si nous vous en informons d\u2019une quelconque autre fa\u00e7on et vous consentez \u00e0 ce partage.<\/li>\n<\/ul>\n<h2 class=\"wp-block-heading\">S\u00e9curit\u00e9 de vos informations personnelles<\/h2>\n<p>Nous entendons prot\u00e9ger les informations personnelles qui nous sont confi\u00e9es et les traiter de mani\u00e8re s\u00e9curis\u00e9e, conform\u00e9ment \u00e0 la pr\u00e9sente D\u00e9claration de confidentialit\u00e9. ZeeTim impl\u00e9mente des sauvegardes physiques, administratives et techniques destin\u00e9es \u00e0 prot\u00e9ger vos informations personnelles contre tout(e) destruction accidentelle ou ill\u00e9gale, perte, modification, divulgation ou acc\u00e8s non autoris\u00e9s. Nous exigeons \u00e9galement de mani\u00e8re contractuelle que nos fournisseurs prot\u00e8gent vos informations personnelles contre tout(e) destruction accidentelle ou ill\u00e9gale, perte, modification, divulgation ou acc\u00e8s non autoris\u00e9s. Toutefois, la s\u00e9curit\u00e9 des donn\u00e9es sur Internet ne pouvant \u00eatre garantie \u00e0 100&nbsp;% nous ne pouvons pas assurer ou garantir la s\u00e9curit\u00e9 des informations que vous communiquez.<\/p>\n<h2 class=\"wp-block-heading\">Conservation des informations personnelles<\/h2>\n<p>Nous conserverons vos informations personnelles pour satisfaire aux fins pour lesquelles elles sont recueillies. Nous conserverons et utiliserons vos informations personnelles en vue de remplir nos exigences professionnelles et obligations juridiques, de r\u00e9soudre des litiges, de prot\u00e9ger nos actifs et d\u2019ex\u00e9cuter nos droits et contrats.<\/p>\n<h2 class=\"wp-block-heading\">Utilisation des cookies et d\u2019autres technologies web<\/h2>\n<p>\u00c0 l\u2019instar de nombreux sites web et Solutions web, ZeeTim utilise des outils de collecte automatique de donn\u00e9es, comme les cookies, les liens web incorpor\u00e9s et les balises web. Ces outils collectent certaines informations standard que votre navigateur nous envoie (par exemple, l\u2019adresse IP (Internet Protocol), l\u2019adresse MAC, le comportement clickstream et la t\u00e9l\u00e9m\u00e9trie).<\/p>\n<p>Ces outils permettent de rendre votre visite sur notre site web et ses solutions plus faciles, plus efficaces et plus personnalis\u00e9es. Nous utilisons \u00e9galement ces informations pour am\u00e9liorer notre site web et nos Solutions, et vous offrir un service de qualit\u00e9 sup\u00e9rieure et une valeur ajout\u00e9e.<\/p>\n<p>Nous collaborons avec des tiers pour afficher des publicit\u00e9s sur notre site web et pour g\u00e9rer notre publicit\u00e9 sur d\u2019autres sites. Nos partenaires tiers peuvent utiliser des cookies ou des technologies similaires pour vous proposer une publicit\u00e9 bas\u00e9e sur vos activit\u00e9s de navigation et vos centres d\u2019int\u00e9r\u00eat. Vous pouvez refuser cette publicit\u00e9&nbsp;; toutefois, les publicit\u00e9s g\u00e9n\u00e9riques et non personnalis\u00e9es continueront d\u2019\u00eatre affich\u00e9es.<\/p>\n<h2 class=\"wp-block-heading\">Sites web li\u00e9s<\/h2>\n<p>Il peut arriver que nous proposions des liens vers d\u2019autres sites web et services sur lesquels nous n\u2019avons aucun contr\u00f4le et qui ne sont pas couverts par la pr\u00e9sente D\u00e9claration de confidentialit\u00e9. Nous vous encourageons \u00e0 lire les d\u00e9clarations de confidentialit\u00e9 publi\u00e9es sur les sites web que vous visitez.<\/p>\n<h2 class=\"wp-block-heading\">Forums et sessions de discussion<\/h2>\n<p>Si vous participez \u00e0 un forum, une communaut\u00e9 ou une session de discussion sur un site web de ZeeTim, vous devez savoir que les informations que vous y fournissez (c\u2019est-\u00e0-dire votre profil public) seront largement mises \u00e0 la disposition d\u2019autres utilisateurs et pourront \u00eatre utilis\u00e9es pour vous contacter, vous envoyer des messages non sollicit\u00e9s, ou encore \u00e0 des fins que ni ZeeTim ni vous ne contr\u00f4lez. De m\u00eame, sachez que les forums et sessions de discussion individuels peuvent avoir des r\u00e8gles et conditions suppl\u00e9mentaires. ZeeTim ne saurait \u00eatre tenu responsable des informations personnelles et autres informations que vous choisissez de soumettre dans ces forums. Pour demander la suppression de vos informations personnelles de notre forum de blog ou de communaut\u00e9, contactez-nous \u00e0 contact@zeetim.com. Dans certains cas, nous ne pouvons pas supprimer vos donn\u00e9es personnelles&nbsp;; nous vous le ferons alors savoir et en exposerons les motifs.<\/p>\n<h2 class=\"wp-block-heading\">Confidentialit\u00e9 applicable aux enfants<\/h2>\n<p>ZeeTim encourage les parents et tuteurs \u00e0 jouer un r\u00f4le actif dans les activit\u00e9s en ligne de leurs enfants. ZeeTim ne recueille pas d\u00e9lib\u00e9r\u00e9ment d\u2019informations personnelles aupr\u00e8s des enfants sans le consentement appropri\u00e9 d\u2019un parent ou tuteur. Si vous estimez que nous pouvons avoir recueilli des informations personnelles aupr\u00e8s d\u2019une personne mineure selon votre l\u00e9gislation locale sans consentement appropri\u00e9, veuillez-nous le faire savoir par le biais des m\u00e9thodes d\u00e9crites \u00e0 la section Nous contacter. Nous prendrons les mesures ad\u00e9quates pour enqu\u00eater sur la question et y apporter une solution rapide.<\/p>\n<h2 class=\"wp-block-heading\">Comment nous contacter<\/h2>\n<p>Vos commentaires sont pr\u00e9cieux&nbsp;! Si vous avez des questions ou des commentaires relatifs \u00e0 la pr\u00e9sente D\u00e9claration de confidentialit\u00e9, contactez-nous \u00e0 contact@zeetim.com<\/p>\n<h2 class=\"wp-block-heading\">Mises \u00e0 jour de la pr\u00e9sente D\u00e9claration de confidentialit\u00e9 de ZeeTim<\/h2>\n<p>Nous pouvons mettre \u00e0 jour p\u00e9riodiquement la pr\u00e9sente D\u00e9claration de confidentialit\u00e9. Dans ce cas, nous publierons la version r\u00e9vis\u00e9e ici, avec la date de la r\u00e9vision. Vous consentez \u00e0 consulter ces pages r\u00e9guli\u00e8rement afin de vous tenir inform\u00e9 et d\u2019\u00e9tudier lesdites r\u00e9visions. Si nous apportons des modifications mat\u00e9rielles \u00e0 notre D\u00e9claration de confidentialit\u00e9, nous pouvons \u00e9galement vous notifier par d\u2019autres moyens avant que ces modifications n\u2019entrent en vigueur, notamment en publiant un avis sur nos sites web ou en vous envoyant une notification. En continuant d\u2019utiliser notre site web apr\u00e8s l\u2019entr\u00e9e en vigueur de ces r\u00e9visions, vous acceptez les r\u00e9visions et consentez \u00e0 vous y conformer.<\/p>\n<h2 class=\"wp-block-heading\">Vos droits<\/h2>\n<p>Conform\u00e9ment \u00e0 la loi informatique et libert\u00e9 et au r\u00e8glement europ\u00e9en 2016\/679 (RGPD) vous b\u00e9n\u00e9ficiez des droits suivant relativement \u00e0 vos donn\u00e9es \u00e0 caract\u00e8re personnel :<\/p>\n<ul>\n<li>Droit d\u2019acc\u00e8s<\/li>\n<li>Droit de rectification<\/li>\n<li>Droit d\u2019effacement<\/li>\n<li>Droit \u00e0 la limitation de ce traitement<\/li>\n<li>Droit d\u2019opposition \u00e0 ce traitement<\/li>\n<li>Droit \u00e0 la portabilit\u00e9 de vos donn\u00e9es<\/li>\n<\/ul>\n<p>Afin de demander l\u2019exercice de vos droits, vous pouvez nous contacter \u00e0 l\u2019adresse contact@zeetim.com<\/p>\n<p>Dans cette demande, merci de nous pr\u00e9ciser vos nom, pr\u00e9nom, adresse email, soci\u00e9t\u00e9 ainsi que la nature du ou des droits que vous souhaitez exercer.<\/p>\n<h2 class=\"wp-block-heading\">Dur\u00e9e de conservation<\/h2>\n<p>Les donn\u00e9es \u00e0 caract\u00e8re personnel seront conserv\u00e9es pendant 3 ans sauf demande contraire explicite de votre part.<\/p>\n<h2 class=\"wp-block-heading\">D\u00e9poser une r\u00e9clamation<\/h2>\n<p>Nous mettons tout en \u0153uvre afin de garantir la s\u00e9curit\u00e9 de vos donn\u00e9es \u00e0 caract\u00e8re personnel conform\u00e9ment au RGPD.<\/p>\n<p>N\u00e9anmoins, dans l\u2019\u00e9ventualit\u00e9 o\u00f9 vous constateriez un manquement par rapport \u00e0 cette r\u00e9glementation, vous \u00eates en droit d\u2019introduire une r\u00e9clamation aupr\u00e8s de l\u2019autorit\u00e9 de contr\u00f4le.<\/p>\n<h2 class=\"wp-block-heading\">Comment nous contacter<\/h2>\n<p>ZeeTim<\/p>\n<p>15 bis, rue Fr\u00e9d\u00e9ric Joliot Curie<\/p>\n<p>94400 Vitry-sur-Seine<\/p>\n<p>France<\/p>\n<p>contact@zeetim.com<\/p>\n","protected":false},"excerpt":{"rendered":"<p>ZeeTim et ses filiales (collectivement \u00ab&nbsp;ZeeTim&nbsp;\u00bb) s\u2019engagent \u00e0 prot\u00e9ger votre vie priv\u00e9e et \u00e0 vous apporter une exp\u00e9rience positive sur nos sites web et dans l\u2019utilisation de nos produits et services (les \u00ab&nbsp;Solutions&nbsp;\u00bb). Cette d\u00e9claration de confidentialit\u00e9 s\u2019applique aux sites web et aux solutions de ZeeTim qui renvoient vers ou font r\u00e9f\u00e9rence \u00e0 cette D\u00e9claration [&hellip;]<\/p>\n","protected":false},"author":245846896,"featured_media":0,"parent":0,"menu_order":0,"comment_status":"closed","ping_status":"closed","template":"","meta":{"_et_pb_use_builder":"on","_et_pb_old_content":"","_et_gb_content_width":"1350","footnotes":""},"class_list":["post-4928","page","type-page","status-publish","hentry"],"jetpack_shortlink":"https:\/\/wp.me\/PftEwX-1hu","jetpack_sharing_enabled":true,"_links":{"self":[{"href":"https:\/\/zeetim.com\/fr\/wp-json\/wp\/v2\/pages\/4928","targetHints":{"allow":["GET"]}}],"collection":[{"href":"https:\/\/zeetim.com\/fr\/wp-json\/wp\/v2\/pages"}],"about":[{"href":"https:\/\/zeetim.com\/fr\/wp-json\/wp\/v2\/types\/page"}],"author":[{"embeddable":true,"href":"https:\/\/zeetim.com\/fr\/wp-json\/wp\/v2\/users\/245846896"}],"replies":[{"embeddable":true,"href":"https:\/\/zeetim.com\/fr\/wp-json\/wp\/v2\/comments?post=4928"}],"version-history":[{"count":2,"href":"https:\/\/zeetim.com\/fr\/wp-json\/wp\/v2\/pages\/4928\/revisions"}],"predecessor-version":[{"id":5389,"href":"https:\/\/zeetim.com\/fr\/wp-json\/wp\/v2\/pages\/4928\/revisions\/5389"}],"wp:attachment":[{"href":"https:\/\/zeetim.com\/fr\/wp-json\/wp\/v2\/media?parent=4928"}],"curies":[{"name":"wp","href":"https:\/\/api.w.org\/{rel}","templated":true}]}}